{"id":2590,"date":"2013-10-21T12:39:03","date_gmt":"2013-10-21T12:39:03","guid":{"rendered":"http:\/\/www.kriesi.at\/themes\/enfold\/?page_id=2590"},"modified":"2013-10-21T12:39:03","modified_gmt":"2013-10-21T12:39:03","slug":"masonry-blog","status":"publish","type":"page","link":"http:\/\/bullangus.no\/?page_id=2590","title":{"rendered":"Masonry Blog"},"content":{"rendered":"<div id='av-masonry-1' class='av-masonry  noHover av-fixed-size av-1px-gap av-hover-overlay-active av-masonry-col-automatic av-caption-always av-caption-style-    '  ><div class='av-masonry-sort main_color av-sort-yes' data-masonry-id='1' ><div class='av-sort-by-term  ' data-av-allowed-sort='[\"artikles_sort\",\"oppskrifter_sort\"]' ><a href=\"#\" data-filter=\"all_sort\" class=\"all_sort_button active_sort\"><span class=\"inner_sort_button\"><span>Alle<\/span><small class=\"avia-term-count\"> 7 <\/small><\/span><\/a><span class='text-sep artikles_sort_sep avia_show_sort'>\/<\/span><a href=\"#\" data-filter=\"artikles_sort\" class=\"artikles_sort_button avia_show_sort\" ><span class=\"inner_sort_button\"><span>Artikler<\/span><small class='avia-term-count'> 5 <\/small><\/span><\/a><span class='text-sep oppskrifter_sort_sep avia_show_sort'>\/<\/span><a href=\"#\" data-filter=\"oppskrifter_sort\" class=\"oppskrifter_sort_button avia_show_sort\" ><span class=\"inner_sort_button\"><span>Oppskrifter<\/span><small class='avia-term-count'> 2 <\/small><\/span><\/a><\/div><\/div><div class='av-masonry-container isotope av-js-disabled ' ><div class='av-masonry-entry isotope-item av-masonry-item-no-image all_sort artikles_sort  oppskrifter_sort '><\/div><a href=\"http:\/\/bullangus.no\/?p=3195\" id='av-masonry-1-item-3195' data-av-masonry-item='3195' class='av-masonry-entry isotope-item post-3195 post type-post status-publish format-standard has-post-thumbnail hentry category-artikles tag-angus tag-bull-gard tag-pusser-opp tag-samarbeid all_sort artikles_sort  av-masonry-item-with-image av-grid-img' title=\"BULL G\u00c5RD PUSSER OPP!\"  itemscope=\"itemscope\" itemtype=\"https:\/\/schema.org\/CreativeWork\" ><div class='av-inner-masonry-sizer'><\/div><figure class='av-inner-masonry main_color'><div class=\"av-masonry-outerimage-container\"><div class=\"av-masonry-image-container\" style=\"background-image: url(http:\/\/bullangus.no\/wp-content\/uploads\/2016\/10\/IMG_0187-705x470.jpg);\"><\/div><\/div><figcaption class='av-inner-masonry-content site-background'><div class='av-inner-masonry-content-pos'><div class='av-inner-masonry-content-pos-content'><div class='avia-arrow'><\/div><h3 class='av-masonry-entry-title entry-title'  itemprop=\"headline\" >BULL G\u00c5RD PUSSER OPP!<\/h3><div class='av-masonry-entry-content entry-content'  itemprop=\"text\" >Hvert \u00e5r blir det bestemt at det ikke skal bli noen krevende\u2026<\/div><span class='av-masonry-date meta-color updated'>02\/11\/2016<\/span><span class=\"av-masonry-text-sep text-sep-author\">\/<\/span><span class='av-masonry-author meta-color vcard author'><span class='fn'>av admin<\/span><\/span><\/div><\/div><\/figcaption><\/figure><\/a><!--end av-masonry entry--><a href=\"http:\/\/bullangus.no\/?p=3128\" id='av-masonry-1-item-3128' data-av-masonry-item='3128' class='av-masonry-entry isotope-item post-3128 post type-post status-publish format-standard has-post-thumbnail hentry category-oppskrifter all_sort oppskrifter_sort  av-masonry-item-with-image av-grid-img' title=\"Slik f\u00e5r du perfekt stekt biff\"  itemscope=\"itemscope\" itemtype=\"https:\/\/schema.org\/CreativeWork\" ><div class='av-inner-masonry-sizer'><\/div><figure class='av-inner-masonry main_color'><div class=\"av-masonry-outerimage-container\"><div class=\"av-masonry-image-container\" style=\"background-image: url(http:\/\/bullangus.no\/wp-content\/uploads\/2014\/05\/angus2-705x378.jpg);\"><\/div><\/div><figcaption class='av-inner-masonry-content site-background'><div class='av-inner-masonry-content-pos'><div class='av-inner-masonry-content-pos-content'><div class='avia-arrow'><\/div><h3 class='av-masonry-entry-title entry-title'  itemprop=\"headline\" >Slik f\u00e5r du perfekt stekt biff<\/h3><div class='av-masonry-entry-content entry-content'  itemprop=\"text\" >Alt er lett n\u00e5r man kan det! \u00c5 steke en perfekt biff er den\u2026<\/div><span class='av-masonry-date meta-color updated'>11\/10\/2016<\/span><span class=\"av-masonry-text-sep text-sep-author\">\/<\/span><span class='av-masonry-author meta-color vcard author'><span class='fn'>av admin<\/span><\/span><\/div><\/div><\/figcaption><\/figure><\/a><!--end av-masonry entry--><a href=\"http:\/\/bullangus.no\/?p=3125\" id='av-masonry-1-item-3125' data-av-masonry-item='3125' class='av-masonry-entry isotope-item post-3125 post type-post status-publish format-standard has-post-thumbnail hentry category-oppskrifter all_sort oppskrifter_sort  av-masonry-item-with-image av-grid-img' title=\"Angus kokosgryte\"  itemscope=\"itemscope\" itemtype=\"https:\/\/schema.org\/CreativeWork\" ><div class='av-inner-masonry-sizer'><\/div><figure class='av-inner-masonry main_color'><div class=\"av-masonry-outerimage-container\"><div class=\"av-masonry-image-container\" style=\"background-image: url(http:\/\/bullangus.no\/wp-content\/uploads\/2016\/10\/IMG_0490-705x705.jpg);\"><\/div><\/div><figcaption class='av-inner-masonry-content site-background'><div class='av-inner-masonry-content-pos'><div class='av-inner-masonry-content-pos-content'><div class='avia-arrow'><\/div><h3 class='av-masonry-entry-title entry-title'  itemprop=\"headline\" >Angus kokosgryte<\/h3><div class='av-masonry-entry-content entry-content'  itemprop=\"text\" >Ingredienser for\u00a02 porsjoner<br \/>\r\n<br \/>\r\n500 g flatbiff\/bankekj\u00f8tt av\u2026<\/div><span class='av-masonry-date meta-color updated'>11\/10\/2016<\/span><span class=\"av-masonry-text-sep text-sep-author\">\/<\/span><span class='av-masonry-author meta-color vcard author'><span class='fn'>av admin<\/span><\/span><\/div><\/div><\/figcaption><\/figure><\/a><!--end av-masonry entry--><a href=\"http:\/\/bullangus.no\/?p=3053\" id='av-masonry-1-item-3053' data-av-masonry-item='3053' class='av-masonry-entry isotope-item post-3053 post type-post status-publish format-standard has-post-thumbnail hentry category-artikles all_sort artikles_sort  av-masonry-item-with-image av-grid-img' title=\"N\u00e5 er det tid for grilling!\"  itemscope=\"itemscope\" itemtype=\"https:\/\/schema.org\/CreativeWork\" ><div class='av-inner-masonry-sizer'><\/div><figure class='av-inner-masonry main_color'><div class=\"av-masonry-outerimage-container\"><div class=\"av-masonry-image-container\" style=\"background-image: url(http:\/\/bullangus.no\/wp-content\/uploads\/2016\/05\/Burger-p\u00e5-grill-705x470.jpg);\"><\/div><\/div><figcaption class='av-inner-masonry-content site-background'><div class='av-inner-masonry-content-pos'><div class='av-inner-masonry-content-pos-content'><div class='avia-arrow'><\/div><h3 class='av-masonry-entry-title entry-title'  itemprop=\"headline\" >N\u00e5 er det tid for grilling!<\/h3><div class='av-masonry-entry-content entry-content'  itemprop=\"text\" >Endelig g\u00e5r det mot den deilige varme \u00e5rstiden, og n\u00e5 er tiden\u2026<\/div><span class='av-masonry-date meta-color updated'>03\/05\/2016<\/span><span class=\"av-masonry-text-sep text-sep-author\">\/<\/span><span class='av-masonry-author meta-color vcard author'><span class='fn'>av admin<\/span><\/span><\/div><\/div><\/figcaption><\/figure><\/a><!--end av-masonry entry--><a href=\"http:\/\/bullangus.no\/?p=3008\" id='av-masonry-1-item-3008' data-av-masonry-item='3008' class='av-masonry-entry isotope-item post-3008 post type-post status-publish format-standard has-post-thumbnail hentry category-artikles all_sort artikles_sort  av-masonry-item-with-image av-grid-img' title=\"Bull G\u00e5rd i Bondebladet\"  itemscope=\"itemscope\" itemtype=\"https:\/\/schema.org\/CreativeWork\" ><div class='av-inner-masonry-sizer'><\/div><figure class='av-inner-masonry main_color'><div class=\"av-masonry-outerimage-container\"><div class=\"av-masonry-image-container\" style=\"background-image: url(http:\/\/bullangus.no\/wp-content\/uploads\/2015\/02\/Avis1-508x705.jpg);\"><\/div><\/div><figcaption class='av-inner-masonry-content site-background'><div class='av-inner-masonry-content-pos'><div class='av-inner-masonry-content-pos-content'><div class='avia-arrow'><\/div><h3 class='av-masonry-entry-title entry-title'  itemprop=\"headline\" >Bull G\u00e5rd i Bondebladet<\/h3><div class='av-masonry-entry-content entry-content'  itemprop=\"text\" >Den 6.november i fjor hadde Bondebladet et dobbelsidig oppslag\u2026<\/div><span class='av-masonry-date meta-color updated'>19\/02\/2015<\/span><span class=\"av-masonry-text-sep text-sep-author\">\/<\/span><span class='av-masonry-author meta-color vcard author'><span class='fn'>av admin<\/span><\/span><\/div><\/div><\/figcaption><\/figure><\/a><!--end av-masonry entry--><a href=\"http:\/\/bullangus.no\/?p=2970\" id='av-masonry-1-item-2970' data-av-masonry-item='2970' class='av-masonry-entry isotope-item post-2970 post type-post status-publish format-standard has-post-thumbnail hentry category-artikles all_sort artikles_sort  av-masonry-item-with-image av-grid-img' title=\"Slik g\u00e5r no dagan&#8230;\"  itemscope=\"itemscope\" itemtype=\"https:\/\/schema.org\/CreativeWork\" ><div class='av-inner-masonry-sizer'><\/div><figure class='av-inner-masonry main_color'><div class=\"av-masonry-outerimage-container\"><div class=\"av-masonry-image-container\" style=\"background-image: url(http:\/\/bullangus.no\/wp-content\/uploads\/2016\/06\/478104_321736064540970_315800424_o-705x472.jpg);\"><\/div><\/div><figcaption class='av-inner-masonry-content site-background'><div class='av-inner-masonry-content-pos'><div class='av-inner-masonry-content-pos-content'><div class='avia-arrow'><\/div><h3 class='av-masonry-entry-title entry-title'  itemprop=\"headline\" >Slik g\u00e5r no dagan&#8230;<\/h3><div class='av-masonry-entry-content entry-content'  itemprop=\"text\" >Glimt fra livet p\u00e5 g\u00e5rden!<\/div><span class='av-masonry-date meta-color updated'>30\/06\/2014<\/span><span class=\"av-masonry-text-sep text-sep-author\">\/<\/span><span class='av-masonry-author meta-color vcard author'><span class='fn'>av admin<\/span><\/span><\/div><\/div><\/figcaption><\/figure><\/a><!--end av-masonry entry--><a href=\"http:\/\/bullangus.no\/?p=2930\" id='av-masonry-1-item-2930' data-av-masonry-item='2930' class='av-masonry-entry isotope-item post-2930 post type-post status-publish format-standard has-post-thumbnail hentry category-artikles all_sort artikles_sort  av-masonry-item-with-image av-grid-img' title=\"Endelig er vi p\u00e5 nett\"  itemscope=\"itemscope\" itemtype=\"https:\/\/schema.org\/CreativeWork\" ><div class='av-inner-masonry-sizer'><\/div><figure class='av-inner-masonry main_color'><div class=\"av-masonry-outerimage-container\"><div class=\"av-masonry-image-container\" style=\"background-image: url(http:\/\/bullangus.no\/wp-content\/uploads\/2013\/04\/katedralen-705x528.jpg);\"><\/div><\/div><figcaption class='av-inner-masonry-content site-background'><div class='av-inner-masonry-content-pos'><div class='av-inner-masonry-content-pos-content'><div class='avia-arrow'><\/div><h3 class='av-masonry-entry-title entry-title'  itemprop=\"headline\" >Endelig er vi p\u00e5 nett<\/h3><div class='av-masonry-entry-content entry-content'  itemprop=\"text\" >Vi er s\u00e5 glad for at vi endelig kan komme ut med en skikkelig\u2026<\/div><span class='av-masonry-date meta-color updated'>15\/05\/2014<\/span><span class=\"av-masonry-text-sep text-sep-author\">\/<\/span><span class='av-masonry-author meta-color vcard author'><span class='fn'>av admin<\/span><\/span><\/div><\/div><\/figcaption><\/figure><\/a><!--end av-masonry entry--><\/div><\/div>\n","protected":false},"excerpt":{"rendered":"","protected":false},"author":1,"featured_media":0,"parent":731,"menu_order":0,"comment_status":"open","ping_status":"open","template":"","meta":{"footnotes":""},"class_list":["post-2590","page","type-page","status-publish","hentry"],"_links":{"self":[{"href":"http:\/\/bullangus.no\/index.php?rest_route=\/wp\/v2\/pages\/2590"}],"collection":[{"href":"http:\/\/bullangus.no\/index.php?rest_route=\/wp\/v2\/pages"}],"about":[{"href":"http:\/\/bullangus.no\/index.php?rest_route=\/wp\/v2\/types\/page"}],"author":[{"embeddable":true,"href":"http:\/\/bullangus.no\/index.php?rest_route=\/wp\/v2\/users\/1"}],"replies":[{"embeddable":true,"href":"http:\/\/bullangus.no\/index.php?rest_route=%2Fwp%2Fv2%2Fcomments&post=2590"}],"version-history":[{"count":0,"href":"http:\/\/bullangus.no\/index.php?rest_route=\/wp\/v2\/pages\/2590\/revisions"}],"up":[{"embeddable":true,"href":"http:\/\/bullangus.no\/index.php?rest_route=\/wp\/v2\/pages\/731"}],"wp:attachment":[{"href":"http:\/\/bullangus.no\/index.php?rest_route=%2Fwp%2Fv2%2Fmedia&parent=2590"}],"curies":[{"name":"wp","href":"https:\/\/api.w.org\/{rel}","templated":true}]}}