{"id":734,"date":"2013-04-01T15:37:54","date_gmt":"2013-04-01T15:37:54","guid":{"rendered":"http:\/\/www.kriesi.at\/themes\/enfold\/?page_id=734"},"modified":"2024-04-02T08:54:23","modified_gmt":"2024-04-02T07:54:23","slug":"homepage","status":"publish","type":"page","link":"http:\/\/bullangus.no\/","title":{"rendered":"Homepage"},"content":{"rendered":"\n<p>&lt;p&gt;<\/div><\/div><\/div><!-- close content main div --><\/div><\/div><div id='full_slider_1' class='avia-fullwidth-slider main_color avia-shadow   container_wrap fullsize'   ><div  data-size='featured'  data-lightbox_size='large'  data-animation='fade'  data-conditional_play=''  data-ids='2867,2894,2910,2889,3179,3275'  data-video_counter='0'  data-autoplay='false'  data-bg_slider='false'  data-slide_height=''  data-handle='av_slideshow_full'  data-interval='5'  data-class=' '  data-css_id=''  data-scroll_down=''  data-control_layout='av-control-default'  data-custom_markup=''  data-perma_caption=''  data-autoplay_stopper=''  data-image_attachment=''  data-min_height='0px'  data-src=''  data-position='top left'  data-repeat='no-repeat'  data-attach='scroll'  data-stretch=''  data-default-height='28.666666666667'  class='avia-slideshow avia-slideshow-1  av-control-default av-default-height-applied avia-slideshow-featured av_slideshow_full   avia-fade-slider '  itemprop=\"ImageObject\" itemscope=\"itemscope\" itemtype=\"https:\/\/schema.org\/ImageObject\" ><ul class='avia-slideshow-inner ' style='padding-bottom: 28.666666666667%;' ><li  class=' slide-1 ' ><div data-rel='slideshow-1' class='avia-slide-wrap '   ><img src='http:\/\/bullangus.no\/wp-content\/uploads\/2014\/05\/angus2-1500x430.jpg' width='1500' height='430' title='angus2' alt=''  itemprop=\"thumbnailUrl\"   \/><\/div><\/li><li  class=' slide-2 ' ><div data-rel='slideshow-1' class='avia-slide-wrap '   ><img src='http:\/\/bullangus.no\/wp-content\/uploads\/2013\/04\/katedralen-960x430.jpg' width='960' height='430' title='katedralen' alt=''  itemprop=\"thumbnailUrl\"   \/><\/div><\/li><li  class=' slide-3 ' ><div data-rel='slideshow-1' class='avia-slide-wrap '   ><img src='http:\/\/bullangus.no\/wp-content\/uploads\/2014\/05\/p\u00e5veihjem-980x430.jpg' width='980' height='430' title='p\u00e5veihjem' alt=''  itemprop=\"thumbnailUrl\"   \/><\/div><\/li><li  class=' slide-4 ' ><div data-rel='slideshow-1' class='avia-slide-wrap '   ><img src='http:\/\/bullangus.no\/wp-content\/uploads\/2013\/04\/kalv-1200x430.jpg' width='1200' height='430' title='kalv' alt='Nyf\u00f8dt kalv p\u00e5 g\u00e5rden'  itemprop=\"thumbnailUrl\"   \/><\/div><\/li><li  class=' slide-5 ' ><div data-rel='slideshow-1' class='avia-slide-wrap '   ><img src='http:\/\/bullangus.no\/wp-content\/uploads\/2016\/10\/northernlight-1213x430.jpg' width='1213' height='430' title='northernlight' alt=''  itemprop=\"thumbnailUrl\"   \/><\/div><\/li><li  class=' slide-6 ' ><div data-rel='slideshow-1' class='avia-slide-wrap '   ><img src='http:\/\/bullangus.no\/wp-content\/uploads\/2016\/06\/IMG_9471-1500x430.jpg' width='1500' height='430' title='IMG_9471' alt=''  itemprop=\"thumbnailUrl\"   \/><\/div><\/li><\/ul><div class='avia-slideshow-arrows avia-slideshow-controls'><a href='#prev' class='prev-slide' aria-hidden='true' data-av_icon='\ue87c' data-av_iconfont='entypo-fontello'>Previous<\/a><a href='#next' class='next-slide' aria-hidden='true' data-av_icon='\ue87d' data-av_iconfont='entypo-fontello'>Next<\/a><\/div><div class='avia-slideshow-dots avia-slideshow-controls'><a href='#1' class='goto-slide active' >1<\/a><a href='#2' class='goto-slide ' >2<\/a><a href='#3' class='goto-slide ' >3<\/a><a href='#4' class='goto-slide ' >4<\/a><a href='#5' class='goto-slide ' >5<\/a><a href='#6' class='goto-slide ' >6<\/a><\/div><\/div><\/div><div style='padding-bottom:10px; ' class='av-special-heading av-special-heading-h1  blockquote modern-quote modern-centered   '><h1 class='av-special-heading-tag '  itemprop=\"headline\"  >Velkommen til Bull g\u00e5rd!<\/h1><div class='special-heading-border'><div class='special-heading-inner-border' ><\/div><\/div><\/div><section class=\"av_textblock_section \"  itemscope=\"itemscope\" itemtype=\"https:\/\/schema.org\/CreativeWork\" ><div class='avia_textblock  '   itemprop=\"text\" ><p>&lt;br \/&gt;Vi er stolte kj\u00f8ttprodusenter av storfe, og p\u00e5 v\u00e5re nettsider kan du lese mer om kyrne v\u00e5re, om det nye fj\u00f8set og om oss som jobber med dem.&lt;br \/&gt;&lt;strong&gt;&lt;a href=&raquo;http:\/\/bullangus.no\/?page_id=862&#8243; data-mce-href=&raquo;http:\/\/bullangus.no\/?page_id=862&#8243;&gt;Du har ogs\u00e5 mulighet til \u00e5 bestille f\u00f8rsteklasses r\u00e5varer direkte fra g\u00e5rden.&lt;\/a&gt;&lt;\/strong&gt;<\/p>\n<\/div><\/section><div  class='hr hr-default  '><span class='hr-inner ' ><span class='hr-inner-style'><\/span><\/span><\/div><div class=\"flex_column av_one_third  flex_column_div first  \" ><p>&lt;br \/&gt;<article class=\"iconbox iconbox_left    \"  itemscope=\"itemscope\" itemtype=\"https:\/\/schema.org\/CreativeWork\" ><div class=\"iconbox_content\"><header class=\"entry-content-header\"><a href='http:\/\/bullangus.no\/?page_id=862' title='Siste nytt'  class=\"iconbox_icon heading-color \" aria-hidden='true' data-av_icon='\ue84d' data-av_iconfont='entypo-fontello'  ><\/a><h3 class='iconbox_content_title '  itemprop=\"headline\"  ><a href='http:\/\/bullangus.no\/?page_id=862' title='Siste nytt' >Siste nytt<\/a><\/h3><\/header><div class='iconbox_content_container  '  itemprop=\"text\"  ><p>&lt;br \/&gt;Dyrene er kommet hjem etter en av de beste beitesesonger vi har hatt. N\u00e5 er det klart for \u00e5rets slaktesesong og utgangspunktet med feite dyr er meget bra for godt marmorert smakfullt og m\u00f8rt kj\u00f8tt fra kyr som har levd det gode liv i Grunnfjordmarka!&lt;br \/&gt;<\/p>\n<\/div><\/div><footer class=\"entry-footer\"><\/footer><\/article><article class=\"iconbox iconbox_left    \"  itemscope=\"itemscope\" itemtype=\"https:\/\/schema.org\/CreativeWork\" ><div class=\"iconbox_content\"><header class=\"entry-content-header\"><div class=\"iconbox_icon heading-color \" aria-hidden='true' data-av_icon='\ue826' data-av_iconfont='entypo-fontello'  ><\/div><h3 class='iconbox_content_title '  itemprop=\"headline\"  ><a href='http:\/\/bullangus.no\/?page_id=731' title='Ku i marka!'  >Ku i marka!<\/a><\/h3><\/header><div class='iconbox_content_container  '  itemprop=\"text\"  ><p>&lt;br \/&gt;V\u00e5re kyr g\u00e5r l\u00f8se ute p\u00e5 sommerbeite, og vi vet ogs\u00e5 at mange er usikre p\u00e5 hvordan de skal m\u00f8te kyrene ute i det fri. Her kan du lese mer om dette.&lt;br \/&gt;<\/p>\n<\/div><\/div><footer class=\"entry-footer\"><\/footer><\/article><article class=\"iconbox iconbox_left    \"  itemscope=\"itemscope\" itemtype=\"https:\/\/schema.org\/CreativeWork\" ><div class=\"iconbox_content\"><header class=\"entry-content-header\"><div class=\"iconbox_icon heading-color \" aria-hidden='true' data-av_icon='\ue854' data-av_iconfont='entypo-fontello'  ><\/div><h3 class='iconbox_content_title '  itemprop=\"headline\"  >Si i fra<\/h3><\/header><div class='iconbox_content_container  '  itemprop=\"text\"  ><p>&lt;br \/&gt;Om noen av kuene skulle forville seg for n\u00e6rt hus og hager, s\u00e5 ikke n\u00f8l med \u00e5 ringe oss. Vi rykker ut umiddelbart for \u00e5 jage de ut i marka igjen. &lt;strong&gt;Ring han Birger p\u00e5 97087998 eller ho Lena p\u00e5 901 95 573&nbsp;.&lt;\/strong&gt;&lt;br \/&gt;<\/p>\n<\/div><\/div><footer class=\"entry-footer\"><\/footer><\/article><div class='avia-builder-widget-area clearfix '>      <div id=\"mailpoet_form-2\" class=\"widget clearfix widget_mailpoet_form\">\n  \n      <h3 class=\"widgettitle\">Motta gode tilbud rett i postkassa!<\/h3>\n  \n  <div class=\"\n    mailpoet_form_popup_overlay\n      \"><\/div>\n  <div\n    id=\"mailpoet_form_1\"\n    class=\"\n      mailpoet_form\n      mailpoet_form_widget\n      mailpoet_form_position_\n      mailpoet_form_animation_\n    \"\n      >\n\n    <style type=\"text\/css\">\n     #mailpoet_form_1 .mailpoet_form {  }\n#mailpoet_form_1 .mailpoet_paragraph {  }\n#mailpoet_form_1 .mailpoet_text_label, #mailpoet_form_1 .mailpoet_textarea_label, #mailpoet_form_1 .mailpoet_select_label, #mailpoet_form_1 .mailpoet_radio_label, #mailpoet_form_1 .mailpoet_checkbox_label, #mailpoet_form_1 .mailpoet_list_label, #mailpoet_form_1 .mailpoet_date_label { display: block; }\n#mailpoet_form_1 .mailpoet_text, #mailpoet_form_1 .mailpoet_textarea, #mailpoet_form_1 .mailpoet_select, #mailpoet_form_1 .mailpoet_date { display: block; }\n#mailpoet_form_1 .mailpoet_checkbox {  }\n#mailpoet_form_1 .mailpoet_validate_success { color: #468847; }\n#mailpoet_form_1 .mailpoet_validate_error { color: #b94a48; }#mailpoet_form_1{;}#mailpoet_form_1 .mailpoet_message {margin: 0; padding: 0 20px;}#mailpoet_form_1 .mailpoet_paragraph.last {margin-bottom: 0} @media (max-width: 500px) {#mailpoet_form_1 {background-image: none;}} @media (min-width: 500px) {#mailpoet_form_1 .last .mailpoet_paragraph:last-child {margin-bottom: 0}}  @media (max-width: 500px) {#mailpoet_form_1 .mailpoet_form_column:last-child .mailpoet_paragraph:last-child {margin-bottom: 0}} \n    <\/style>\n\n    <form\n      target=\"_self\"\n      method=\"post\"\n      action=\"http:\/\/bullangus.no\/wp-admin\/admin-post.php?action=mailpoet_subscription_form\"\n      class=\"mailpoet_form mailpoet_form_form mailpoet_form_widget\"\n      novalidate\n      data-delay=\"\"\n      data-exit-intent-enabled=\"\"\n      data-font-family=\"\"\n      data-cookie-expiration-time=\"\"\n    >\n      <input type=\"hidden\" name=\"data[form_id]\" value=\"1\" \/>\n      <input type=\"hidden\" name=\"token\" value=\"fa727b32c6\" \/>\n      <input type=\"hidden\" name=\"api_version\" value=\"v1\" \/>\n      <input type=\"hidden\" name=\"endpoint\" value=\"subscribers\" \/>\n      <input type=\"hidden\" name=\"mailpoet_method\" value=\"subscribe\" \/>\n\n      <label class=\"mailpoet_hp_email_label\" style=\"display: none !important;\">Vennligst la dette feltet st\u00e5 tomt<input type=\"email\" name=\"data[email]\"\/><\/label><div class=\"mailpoet_paragraph\"><label for=\"form_email_1\" class=\"mailpoet_text_label\"  data-automation-id=\"form_email_label\" >Fyll inn din epostadresse og f\u00e5 gode tilbud rett til deg! <span class=\"mailpoet_required\" aria-hidden=\"true\">*<\/span><\/label><input type=\"email\" autocomplete=\"email\" class=\"mailpoet_text\" id=\"form_email_1\" name=\"data[form_field_OTQ2ZTQ1ODI3ZDAyX2VtYWls]\" title=\"Fyll inn din epostadresse og f\u00e5 gode tilbud rett til deg!\" value=\"\" data-automation-id=\"form_email\" data-parsley-errors-container=\".mailpoet_error_1hr66\" data-parsley-required=\"true\" required aria-required=\"true\" data-parsley-minlength=\"6\" data-parsley-maxlength=\"150\" data-parsley-type-message=\"This value should be a valid email.\" data-parsley-required-message=\"Dette feltet er n\u00f8dvendig.\"\/><span class=\"mailpoet_error_1hr66\"><\/span><\/div>\n<div class=\"mailpoet_paragraph\"><input type=\"submit\" class=\"mailpoet_submit\" value=\"Abonner!\" data-automation-id=\"subscribe-submit-button\" style=\"border-color:transparent;\" \/><span class=\"mailpoet_form_loading\"><span class=\"mailpoet_bounce1\"><\/span><span class=\"mailpoet_bounce2\"><\/span><span class=\"mailpoet_bounce3\"><\/span><\/span><\/div>\n\n      <div class=\"mailpoet_message\">\n        <p class=\"mailpoet_validate_success\"\n                style=\"display:none;\"\n                >Sjekk innboksen din for \u00e5 bekrefte at du \u00f8nsker \u00e5 motta nyhetsbrev fra Bull G\u00e5rd!\n        <\/p>\n        <p class=\"mailpoet_validate_error\"\n                style=\"display:none;\"\n                >        <\/p>\n      <\/div>\n    <\/form>\n\n      <\/div>\n\n      <\/div>\n  <\/div>&lt;br \/&gt;<\/p><\/div><div class=\"flex_column av_one_third  flex_column_div av-zero-column-padding   \" style='border-radius:0px; '><p>&lt;br \/&gt;<div class='avia-image-container  av-styling-    avia-align-center '  itemprop=\"ImageObject\" itemscope=\"itemscope\" itemtype=\"https:\/\/schema.org\/ImageObject\"  ><div class='avia-image-container-inner'><div class='avia-image-overlay-wrap'><img class='avia_image ' src='http:\/\/bullangus.no\/wp-content\/uploads\/2016\/06\/unnamed-1-495x400.jpg' alt='' title='unnamed (1)' height=\"400\"width=\"495\"  itemprop=\"thumbnailUrl\"  \/><\/div><\/div><\/div><div id='avia-messagebox-' class='avia_message_box  avia-color-red avia-size-large avia-icon_select-yes avia-border-solid '><span class='avia_message_box_title' >Fra lageret<\/span><div class='avia_message_box_content' ><span class='avia_message_box_icon' aria-hidden='true' data-av_icon='\ue82b' data-av_iconfont='entypo-fontello'><\/span><p>&lt;br \/&gt;Husk \u00e5 meld dere p\u00e5 \u00e5 motta nyhetsbrev. Vi sender ut tilbud til disse noen dager f\u00e5r vi slipper tilbudene til resten. Vel verdt \u00e5 f\u00e5 med seg!&lt;br \/&gt;- Bonden Lena&lt;br \/&gt;<\/p>\n<\/div><\/div>&lt;br \/&gt;<\/p><\/div><div class=\"flex_column av_one_third  flex_column_div av-zero-column-padding   \" style='border-radius:0px; '><p>&lt;br \/&gt;<div class='avia-builder-widget-area clearfix '><div id=\"as_facebook_mem_likebox_widgets\" class=\"widget clearfix widget_as_facebook_mem_likebox\"><h3 class=\"widgettitle\">Bull G\u00e5rd p\u00e5 Facebook<\/h3><div id=\"likeboxwrap\" style=\"width:498px; height:198px; background: #FFFFFF; border:1px solid #; overflow:hidden;\"><div id=\"likebox-frame\"><iframe src=\"\/\/www.facebook.com\/plugins\/page.php?href=https%3A%2F%2Fwww.facebook.com%2Fpages\/BULL-G\u00c5RD\/129326017115310&tabs=&amp;width=500&amp;height=200&amp;small_header=false&amp;adapt_container_width=true&amp;hide_cover=false&amp;show_facepile=true&amp;show_border=false&amp;header=false\" scrolling=\"no\" frameborder=\"0\" style=\"border:none; overflow:hidden; width:500px; height:200px; margin:-1px;\" allowTransparency=\"true\"><\/iframe><\/div><\/div><\/div><\/div><section class=\"av_textblock_section \"  itemscope=\"itemscope\" itemtype=\"https:\/\/schema.org\/CreativeWork\" ><div class='avia_textblock  '   itemprop=\"text\" ><p>Siste bloggnytt!<\/p>\n<\/div><\/section><div  class='hr hr-default  '><span class='hr-inner ' ><span class='hr-inner-style'><\/span><\/span><\/div><div id='av-magazine-1' class='av-magazine    ' ><div class='av-magazine-group sort_all'><article class='hentry av-magazine-entry av-magazine-entry-id-3195 av-magazine-format-standard av-magazine-type-post av-magazine-entry-1 av-magazine-entry-small '  itemscope=\"itemscope\" itemtype=\"https:\/\/schema.org\/CreativeWork\" ><div class='av-magazine-thumbnail'><a href='http:\/\/bullangus.no\/?p=3195' title='Lenke til: BULL G\u00c5RD PUSSER OPP!' class='av-magazine-thumbnail-link '><img loading=\"lazy\" decoding=\"async\" width=\"80\" height=\"80\" src=\"http:\/\/bullangus.no\/wp-content\/uploads\/2016\/10\/IMG_0187-80x80.jpg\" class=\"attachment-thumbnail size-thumbnail wp-post-image\" alt=\"\" srcset=\"http:\/\/bullangus.no\/wp-content\/uploads\/2016\/10\/IMG_0187-80x80.jpg 80w, http:\/\/bullangus.no\/wp-content\/uploads\/2016\/10\/IMG_0187-100x100.jpg 100w, http:\/\/bullangus.no\/wp-content\/uploads\/2016\/10\/IMG_0187-36x36.jpg 36w, http:\/\/bullangus.no\/wp-content\/uploads\/2016\/10\/IMG_0187-180x180.jpg 180w\" sizes=\"(max-width: 80px) 100vw, 80px\" \/><\/a><\/div><div class='av-magazine-content-wrap'><header class='entry-content-header'><time class='av-magazine-time updated'  itemprop=\"datePublished\" datetime=\"2016-11-02T18:27:34+01:00\" >02\/11\/2016<\/time><span class='av-magazine-text-sep text-sep-date'>\/<\/span><span class=\"av-magazine-author minor-meta\">av <span class=\"av-magazine-author-link\"  itemprop=\"author\" ><span class='av-magazine-author meta-color vcard author'><span class='fn'><a href=http:\/\/bullangus.no\/?author=1 title=\"av admin\" rel=\"author\">admin<\/a><\/span><\/span><\/span><\/span><h3 class='av-magazine-title entry-title'  itemprop=\"headline\" ><a href='http:\/\/bullangus.no\/?p=3195' title='Lenke til: BULL G\u00c5RD PUSSER OPP!'>BULL G\u00c5RD PUSSER OPP!<\/a><\/h3><\/header><\/div><footer class='entry-footer'><\/footer><\/article><article class='hentry av-magazine-entry av-magazine-entry-id-3128 av-magazine-format-standard av-magazine-type-post av-magazine-entry-2 av-magazine-entry-small '  itemscope=\"itemscope\" itemtype=\"https:\/\/schema.org\/CreativeWork\" ><div class='av-magazine-thumbnail'><a href='http:\/\/bullangus.no\/?p=3128' title='Lenke til: Slik f\u00e5r du perfekt stekt biff' class='av-magazine-thumbnail-link '><img loading=\"lazy\" decoding=\"async\" width=\"80\" height=\"80\" src=\"http:\/\/bullangus.no\/wp-content\/uploads\/2014\/05\/angus2-80x80.jpg\" class=\"attachment-thumbnail size-thumbnail wp-post-image\" alt=\"\" srcset=\"http:\/\/bullangus.no\/wp-content\/uploads\/2014\/05\/angus2-80x80.jpg 80w, http:\/\/bullangus.no\/wp-content\/uploads\/2014\/05\/angus2-100x100.jpg 100w, http:\/\/bullangus.no\/wp-content\/uploads\/2014\/05\/angus2-36x36.jpg 36w, http:\/\/bullangus.no\/wp-content\/uploads\/2014\/05\/angus2-180x180.jpg 180w\" sizes=\"(max-width: 80px) 100vw, 80px\" \/><\/a><\/div><div class='av-magazine-content-wrap'><header class='entry-content-header'><time class='av-magazine-time updated'  itemprop=\"datePublished\" datetime=\"2016-10-11T13:47:50+01:00\" >11\/10\/2016<\/time><span class='av-magazine-text-sep text-sep-date'>\/<\/span><span class=\"av-magazine-author minor-meta\">av <span class=\"av-magazine-author-link\"  itemprop=\"author\" ><span class='av-magazine-author meta-color vcard author'><span class='fn'><a href=http:\/\/bullangus.no\/?author=1 title=\"av admin\" rel=\"author\">admin<\/a><\/span><\/span><\/span><\/span><h3 class='av-magazine-title entry-title'  itemprop=\"headline\" ><a href='http:\/\/bullangus.no\/?p=3128' title='Lenke til: Slik f\u00e5r du perfekt stekt biff'>Slik f\u00e5r du perfekt stekt biff<\/a><\/h3><\/header><\/div><footer class='entry-footer'><\/footer><\/article><article class='hentry av-magazine-entry av-magazine-entry-id-3125 av-magazine-format-standard av-magazine-type-post av-magazine-entry-3 av-magazine-entry-small '  itemscope=\"itemscope\" itemtype=\"https:\/\/schema.org\/CreativeWork\" ><div class='av-magazine-thumbnail'><a href='http:\/\/bullangus.no\/?p=3125' title='Lenke til: Angus kokosgryte' class='av-magazine-thumbnail-link '><img loading=\"lazy\" decoding=\"async\" width=\"80\" height=\"80\" src=\"http:\/\/bullangus.no\/wp-content\/uploads\/2016\/10\/IMG_0490-80x80.jpg\" class=\"attachment-thumbnail size-thumbnail wp-post-image\" alt=\"\" srcset=\"http:\/\/bullangus.no\/wp-content\/uploads\/2016\/10\/IMG_0490-80x80.jpg 80w, http:\/\/bullangus.no\/wp-content\/uploads\/2016\/10\/IMG_0490-100x100.jpg 100w, http:\/\/bullangus.no\/wp-content\/uploads\/2016\/10\/IMG_0490-300x300.jpg 300w, http:\/\/bullangus.no\/wp-content\/uploads\/2016\/10\/IMG_0490-768x768.jpg 768w, http:\/\/bullangus.no\/wp-content\/uploads\/2016\/10\/IMG_0490-1030x1030.jpg 1030w, http:\/\/bullangus.no\/wp-content\/uploads\/2016\/10\/IMG_0490-600x600.jpg 600w, http:\/\/bullangus.no\/wp-content\/uploads\/2016\/10\/IMG_0490-36x36.jpg 36w, http:\/\/bullangus.no\/wp-content\/uploads\/2016\/10\/IMG_0490-180x180.jpg 180w, http:\/\/bullangus.no\/wp-content\/uploads\/2016\/10\/IMG_0490-1500x1500.jpg 1500w, http:\/\/bullangus.no\/wp-content\/uploads\/2016\/10\/IMG_0490-705x705.jpg 705w\" sizes=\"(max-width: 80px) 100vw, 80px\" \/><\/a><\/div><div class='av-magazine-content-wrap'><header class='entry-content-header'><time class='av-magazine-time updated'  itemprop=\"datePublished\" datetime=\"2016-10-11T13:44:52+01:00\" >11\/10\/2016<\/time><span class='av-magazine-text-sep text-sep-date'>\/<\/span><span class=\"av-magazine-author minor-meta\">av <span class=\"av-magazine-author-link\"  itemprop=\"author\" ><span class='av-magazine-author meta-color vcard author'><span class='fn'><a href=http:\/\/bullangus.no\/?author=1 title=\"av admin\" rel=\"author\">admin<\/a><\/span><\/span><\/span><\/span><h3 class='av-magazine-title entry-title'  itemprop=\"headline\" ><a href='http:\/\/bullangus.no\/?p=3125' title='Lenke til: Angus kokosgryte'>Angus kokosgryte<\/a><\/h3><\/header><\/div><footer class='entry-footer'><\/footer><\/article><\/div><\/div>&lt;br \/&gt;<\/p><\/div><\/div><\/div><\/div><!-- close content main div --><\/div><\/div><div id='av_section_1' class='avia-section alternate_color avia-section-large avia-shadow avia-bg-style-scroll   container_wrap fullsize' style = 'background-image: '  ><div class='container' ><div class='template-page content  av-content-full alpha units'><div class='post-entry post-entry-type-page post-entry-734'><div class='entry-content-wrapper clearfix'>&lt;br \/&gt;<section class=\"av_textblock_section \"  itemscope=\"itemscope\" itemtype=\"https:\/\/schema.org\/CreativeWork\" ><div class='avia_textblock  '   itemprop=\"text\" ><p>Dette sier folk om kj\u00f8ttet fra Bull G\u00e5rd<\/p>\n<\/div><\/section><div  class='hr hr-short hr-center  '><span class='hr-inner ' ><span class='hr-inner-style'><\/span><\/span><\/div><div  data-autoplay='1'  data-interval='5'  data-animation='fade'  data-hoverpause='1'  class='avia-testimonial-wrapper avia-grid-testimonials avia-grid-3-testimonials avia_animate_when_almost_visible   '>&lt;br \/&gt;<section class ='avia-testimonial-row'><div class='avia-testimonial av_one_third flex_column no_margin avia-testimonial-row-1 avia-first-testimonial'  itemscope=\"itemscope\" itemtype=\"https:\/\/schema.org\/Person\" ><div class='avia-testimonial_inner'><div class='avia-testimonial-image'  itemprop=\"image\"  style='background-image:url(http:\/\/bullangus.no\/wp-content\/uploads\/2013\/04\/Bull-Angus-topplogo-180x156.jpg);'><\/div><div class='avia-testimonial-content '    itemscope=\"itemscope\" itemtype=\"https:\/\/schema.org\/CreativeWork\" ><p>&lt;br \/&gt;Gode kj\u00f8ttkake til middag med kverna kj\u00f8tt fra Bull g\u00e5rd :)&lt;br \/&gt;<\/p>\n<\/div><div class='avia-testimonial-meta'><div class='avia-testimonial-arrow-wrap'><div class='avia-arrow'><\/div><\/div><div class='avia-testimonial-meta-mini'><strong  class='avia-testimonial-name'    itemprop=\"name\" >Terese Karlsen<\/strong><\/div><\/div><\/div><\/div>&lt;br \/&gt;<div class='avia-testimonial av_one_third flex_column no_margin avia-testimonial-row-1 '  itemscope=\"itemscope\" itemtype=\"https:\/\/schema.org\/Person\" ><div class='avia-testimonial_inner'><div class='avia-testimonial-image'  itemprop=\"image\"  style='background-image:url(http:\/\/bullangus.no\/wp-content\/uploads\/2013\/04\/Bull-Angus-topplogo-180x156.jpg);'><\/div><div class='avia-testimonial-content '    itemscope=\"itemscope\" itemtype=\"https:\/\/schema.org\/CreativeWork\" ><p>&lt;br \/&gt;Lagde til middag i dag, og brukte grytekj\u00f8tt fra dere. Helt fantastisk nydelig! B\u00e5de krafta\/sausen og fyllet fikk et veldig god kj\u00f8ttsmak.&lt;br \/&gt;<\/p>\n<\/div><div class='avia-testimonial-meta'><div class='avia-testimonial-arrow-wrap'><div class='avia-arrow'><\/div><\/div><div class='avia-testimonial-meta-mini'><strong  class='avia-testimonial-name'    itemprop=\"name\" >Ragnhild Varmedal<\/strong><\/div><\/div><\/div><\/div>&lt;br \/&gt;<div class='avia-testimonial av_one_third flex_column no_margin avia-testimonial-row-1 avia-last-testimonial'  itemscope=\"itemscope\" itemtype=\"https:\/\/schema.org\/Person\" ><div class='avia-testimonial_inner'><div class='avia-testimonial-image'  itemprop=\"image\"  style='background-image:url(http:\/\/bullangus.no\/wp-content\/uploads\/2013\/04\/Bull-Angus-topplogo-180x156.jpg);'><\/div><div class='avia-testimonial-content '    itemscope=\"itemscope\" itemtype=\"https:\/\/schema.org\/CreativeWork\" ><p>&lt;br \/&gt;For noen uker siden hadde jeg bes\u00f8k av pappa og lillebror da laget jeg kj\u00f8ttdeig \u00e5 spagetti! Alle sa det var utrolig godt, \u00e5 det var det beste av kj\u00f8ttdeig \u00e5 spaghetti de hadde spist! Vet dere hvorfor det ble s\u00e5 godt? Fordi vi bruke biffdeigen fra BULL g\u00e5rd.&lt;br \/&gt;<\/p>\n<\/div><div class='avia-testimonial-meta'><div class='avia-testimonial-arrow-wrap'><div class='avia-arrow'><\/div><\/div><div class='avia-testimonial-meta-mini'><strong  class='avia-testimonial-name'    itemprop=\"name\" >Marlene Braathen<\/strong><span class='hidden avia-testimonial-markup-link'   itemprop=\"url\" >http:\/\/marlenebraathen.blogg.no\/1394756963_bull_grd.html<\/span><a class='aviablank avia-testimonial-link' href='http:\/\/marlenebraathen.blogg.no\/1394756963_bull_grd.html' >Marlenebraathen.blogg.no<\/a><\/div><\/div><\/div><\/div><\/section>&lt;br \/&gt;<\/div>&lt;br \/&gt;&lt;\/p&gt;<\/p>\n\n\n<div class=\"wp-block-cgb-kona-instagram-for-gutenberg  align\">\n\t<div class=\"display-grid kona-grid\"\n\tstyle=\"grid-template-columns: repeat(4, 1fr);\n\tmargin-left: -0px;\n\tmargin-right: -0px;\n\tgrid-gap: 0px\";\n\t><\/div><\/div>\n\n<div class=\"wp-block-cgb-kona-instagram-for-gutenberg  align\">\n\t<div class=\"display-grid kona-grid\"\n\tstyle=\"grid-template-columns: repeat(4, 1fr);\n\tmargin-left: -0px;\n\tmargin-right: -0px;\n\tgrid-gap: 0px\";\n\t><\/div><\/div>","protected":false},"excerpt":{"rendered":"<p>This is a Page excerpt. It will be displayed for search results<\/p>\n","protected":false},"author":1,"featured_media":0,"parent":0,"menu_order":0,"comment_status":"open","ping_status":"open","template":"","meta":{"footnotes":""},"class_list":["post-734","page","type-page","status-publish","hentry"],"_links":{"self":[{"href":"http:\/\/bullangus.no\/index.php?rest_route=\/wp\/v2\/pages\/734"}],"collection":[{"href":"http:\/\/bullangus.no\/index.php?rest_route=\/wp\/v2\/pages"}],"about":[{"href":"http:\/\/bullangus.no\/index.php?rest_route=\/wp\/v2\/types\/page"}],"author":[{"embeddable":true,"href":"http:\/\/bullangus.no\/index.php?rest_route=\/wp\/v2\/users\/1"}],"replies":[{"embeddable":true,"href":"http:\/\/bullangus.no\/index.php?rest_route=%2Fwp%2Fv2%2Fcomments&post=734"}],"version-history":[{"count":78,"href":"http:\/\/bullangus.no\/index.php?rest_route=\/wp\/v2\/pages\/734\/revisions"}],"predecessor-version":[{"id":17844,"href":"http:\/\/bullangus.no\/index.php?rest_route=\/wp\/v2\/pages\/734\/revisions\/17844"}],"wp:attachment":[{"href":"http:\/\/bullangus.no\/index.php?rest_route=%2Fwp%2Fv2%2Fmedia&parent=734"}],"curies":[{"name":"wp","href":"https:\/\/api.w.org\/{rel}","templated":true}]}}